{"id":13302,"date":"2023-06-05T21:14:56","date_gmt":"2023-06-06T00:14:56","guid":{"rendered":"https:\/\/web.arenasycayo.cl\/?page_id=13302"},"modified":"2023-07-14T12:56:37","modified_gmt":"2023-07-14T15:56:37","slug":"estudios-inmobiliarios","status":"publish","type":"page","link":"https:\/\/arenasycayo.cl\/web\/estudios-inmobiliarios\/","title":{"rendered":"Estudios inmobiliarios"},"content":{"rendered":"\t\t<div data-elementor-type=\"wp-page\" data-elementor-id=\"13302\" class=\"elementor elementor-13302\" data-elementor-post-type=\"page\">\n\t\t\t\t\t\t<section class=\"elementor-section elementor-top-section elementor-element elementor-element-9e490be elementor-section-boxed elementor-section-height-default elementor-section-height-default\" data-id=\"9e490be\" data-element_type=\"section\" data-settings=\"{&quot;background_background&quot;:&quot;classic&quot;}\">\n\t\t\t\t\t\t\t<div class=\"elementor-background-overlay\"><\/div>\n\t\t\t\t\t\t\t<div class=\"elementor-container elementor-column-gap-wider\">\n\t\t\t\t\t<div class=\"elementor-column elementor-col-50 elementor-top-column elementor-element elementor-element-49ade47\" data-id=\"49ade47\" data-element_type=\"column\">\n\t\t\t<div class=\"elementor-widget-wrap elementor-element-populated\">\n\t\t\t\t\t\t<div class=\"elementor-element elementor-element-79557e9 elementor-invisible elementor-widget elementor-widget-heading\" data-id=\"79557e9\" data-element_type=\"widget\" data-settings=\"{&quot;_animation&quot;:&quot;fadeInDown&quot;}\" data-widget_type=\"heading.default\">\n\t\t\t\t<div class=\"elementor-widget-container\">\n\t\t\t\t\t<h2 class=\"elementor-heading-title elementor-size-default\">ESTUDIOS INMOBILIARIOS<\/h2>\t\t\t\t<\/div>\n\t\t\t\t<\/div>\n\t\t\t\t<div class=\"elementor-element elementor-element-dfe660d elementor-widget-divider--view-line elementor-widget elementor-widget-divider\" data-id=\"dfe660d\" data-element_type=\"widget\" data-widget_type=\"divider.default\">\n\t\t\t\t<div class=\"elementor-widget-container\">\n\t\t\t\t\t\t\t<div class=\"elementor-divider\">\n\t\t\t<span class=\"elementor-divider-separator\">\n\t\t\t\t\t\t<\/span>\n\t\t<\/div>\n\t\t\t\t\t\t<\/div>\n\t\t\t\t<\/div>\n\t\t\t\t<div class=\"elementor-element elementor-element-ea07513 elementor-widget elementor-widget-spacer\" data-id=\"ea07513\" data-element_type=\"widget\" data-widget_type=\"spacer.default\">\n\t\t\t\t<div class=\"elementor-widget-container\">\n\t\t\t\t\t\t\t<div class=\"elementor-spacer\">\n\t\t\t<div class=\"elementor-spacer-inner\"><\/div>\n\t\t<\/div>\n\t\t\t\t\t\t<\/div>\n\t\t\t\t<\/div>\n\t\t\t\t<div class=\"elementor-element elementor-element-50c8dd2 elementor-align-center elementor-invisible elementor-widget elementor-widget-button\" data-id=\"50c8dd2\" data-element_type=\"widget\" data-settings=\"{&quot;_animation&quot;:&quot;zoomIn&quot;}\" data-widget_type=\"button.default\">\n\t\t\t\t<div class=\"elementor-widget-container\">\n\t\t\t\t\t\t\t\t\t<div class=\"elementor-button-wrapper\">\n\t\t\t\t\t<a class=\"elementor-button elementor-button-link elementor-size-sm\" href=\"https:\/\/arenasycayo.cl\/web\/contacto\/\">\n\t\t\t\t\t\t<span class=\"elementor-button-content-wrapper\">\n\t\t\t\t\t\t\t\t\t<span class=\"elementor-button-text\">SOLICITAR SERVICIO<\/span>\n\t\t\t\t\t<\/span>\n\t\t\t\t\t<\/a>\n\t\t\t\t<\/div>\n\t\t\t\t\t\t\t\t<\/div>\n\t\t\t\t<\/div>\n\t\t\t\t<div class=\"elementor-element elementor-element-6b15091 elementor-widget elementor-widget-spacer\" data-id=\"6b15091\" data-element_type=\"widget\" data-widget_type=\"spacer.default\">\n\t\t\t\t<div class=\"elementor-widget-container\">\n\t\t\t\t\t\t\t<div class=\"elementor-spacer\">\n\t\t\t<div class=\"elementor-spacer-inner\"><\/div>\n\t\t<\/div>\n\t\t\t\t\t\t<\/div>\n\t\t\t\t<\/div>\n\t\t\t\t<div class=\"elementor-element elementor-element-5bcf4e1 elementor-widget elementor-widget-image\" data-id=\"5bcf4e1\" data-element_type=\"widget\" data-widget_type=\"image.default\">\n\t\t\t\t<div class=\"elementor-widget-container\">\n\t\t\t\t\t\t\t\t\t\t\t\t\t\t\t<img fetchpriority=\"high\" decoding=\"async\" width=\"586\" height=\"205\" src=\"https:\/\/arenasycayo.cl\/web\/wp-content\/uploads\/2023\/06\/tasaciones4.png\" class=\"attachment-large size-large wp-image-13149\" alt=\"\" srcset=\"https:\/\/arenasycayo.cl\/web\/wp-content\/uploads\/2023\/06\/tasaciones4.png 586w, https:\/\/arenasycayo.cl\/web\/wp-content\/uploads\/2023\/06\/tasaciones4-300x105.png 300w\" sizes=\"(max-width: 586px) 100vw, 586px\" \/>\t\t\t\t\t\t\t\t\t\t\t\t\t\t\t<\/div>\n\t\t\t\t<\/div>\n\t\t\t\t\t<\/div>\n\t\t<\/div>\n\t\t\t\t<div class=\"elementor-column elementor-col-50 elementor-top-column elementor-element elementor-element-ce5ea6c\" data-id=\"ce5ea6c\" data-element_type=\"column\">\n\t\t\t<div class=\"elementor-widget-wrap elementor-element-populated\">\n\t\t\t\t\t\t<div class=\"elementor-element elementor-element-472b9d1 elementor-widget elementor-widget-text-editor\" data-id=\"472b9d1\" data-element_type=\"widget\" data-widget_type=\"text-editor.default\">\n\t\t\t\t<div class=\"elementor-widget-container\">\n\t\t\t\t\t\t\t\t\t<p style=\"text-align: justify;\">En\u00a0<strong>Arenas y Cayo S.A.<\/strong>\u00a0a trav\u00e9s de nuestra \u00e1rea de estudios, realizamos permanentemente an\u00e1lisis jurisprudenciales de las normas que afectan el quehacer inmobiliario, resolviendo distintas controversias relativas a temas inmobiliarios.<\/p><p style=\"text-align: justify;\">Nuestra \u00e1rea de an\u00e1lisis genera pronunciamientos T\u00e9cnico-Legales, respecto de la aplicabilidad de Leyes, Ordenanzas, Disposiciones y Reglamentos vigentes, atingentes al rubro inmobiliario.<\/p>\t\t\t\t\t\t\t\t<\/div>\n\t\t\t\t<\/div>\n\t\t\t\t<div class=\"elementor-element elementor-element-144d240 elementor-widget elementor-widget-spacer\" data-id=\"144d240\" data-element_type=\"widget\" data-widget_type=\"spacer.default\">\n\t\t\t\t<div class=\"elementor-widget-container\">\n\t\t\t\t\t\t\t<div class=\"elementor-spacer\">\n\t\t\t<div class=\"elementor-spacer-inner\"><\/div>\n\t\t<\/div>\n\t\t\t\t\t\t<\/div>\n\t\t\t\t<\/div>\n\t\t\t\t<div class=\"elementor-element elementor-element-b911210 elementor-widget elementor-widget-the7-accordion\" data-id=\"b911210\" data-element_type=\"widget\" data-widget_type=\"the7-accordion.default\">\n\t\t\t\t<div class=\"elementor-widget-container\">\n\t\t\t\t\t\t\t<div class=\"elementor-accordion the7-adv-accordion ac_top_bottom_borders ac_left_right_borders\" data-accordion-type=\"accordion\" role=\"tablist\">\n\t\t\t\t\t\t\t<div class=\"elementor-accordion-item\">\n\t\t\t\t\t<h4 id=\"elementor-tab-title-1941\" class=\"elementor-tab-title the7-accordion-header deactive-default\" data-tab=\"1\" role=\"tab\" aria-controls=\"elementor-tab-content-1941\">\n\n\t\t\t\t\t\t\t\t\t\t\t\t\t<span class=\"elementor-accordion-icon elementor-accordion-icon-left\" aria-hidden=\"true\">\n\t\t\t\t\t\t\t\t\t\t\t\t\t\t\t<span class=\"elementor-accordion-icon-closed\"><i class=\"fas fa-caret-down\"><\/i><\/span>\n\t\t\t\t\t\t\t\t\t\t\t\t\t\t\t\t\t<span class=\"elementor-accordion-icon-opened\"><i class=\"fas fa-caret-up\"><\/i><\/span>\n\t\t\t\t\t\t\t\t\t\t\t\t\t\t\t\t\t\t\t\t\t\t<\/span>\n\t\t\t\t\t\t\t\t\t\t\t\t\t\t\t\t\t\t<a class=\"elementor-accordion-title\" href=\"\">ASESOR\u00cdAS<\/a>\n\t\t\t\t\t<\/h4>\n\t\t\t\t\t<div id=\"elementor-tab-content-1941\" class=\"elementor-tab-content elementor-clearfix deactive-default\" data-tab=\"1\" role=\"tabpanel\" aria-labelledby=\"elementor-tab-title-1941\"><ul><li class=\"Text1\">An\u00e1lisis de cartera<\/li><li class=\"Text1\">Modelamientos matem\u00e1ticos predictivos<\/li><li class=\"Text1\">Dise\u00f1o de estrategias por productos<\/li><li class=\"Text1\">Mejoras de servicio integrales Ej. Funcionalidades de Cobranza prejudicial y judicial, administraci\u00f3n de abogados, etc.<\/li><li class=\"Text1\">Sevicios inform\u00e1ticos de mejoras en contactabilidad telef\u00f3nica<\/li><li class=\"Text1\">An\u00e1lisis de alternativa de financiamiento<\/li><li class=\"Text1\">An\u00e1lisis inmobiliario y de inversi\u00f3n<\/li><li class=\"Text1\">Servicios corporativos<\/li><li class=\"Text1\">Asesor\u00eda en Construcci\u00f3n sustentable<\/li><li class=\"Text1\">Regularizaciones<\/li><\/ul><\/div>\n\t\t\t\t<\/div>\n\t\t\t\t\t\t\t<div class=\"elementor-accordion-item\">\n\t\t\t\t\t<h4 id=\"elementor-tab-title-1942\" class=\"elementor-tab-title the7-accordion-header\" data-tab=\"2\" role=\"tab\" aria-controls=\"elementor-tab-content-1942\">\n\n\t\t\t\t\t\t\t\t\t\t\t\t\t<span class=\"elementor-accordion-icon elementor-accordion-icon-left\" aria-hidden=\"true\">\n\t\t\t\t\t\t\t\t\t\t\t\t\t\t\t<span class=\"elementor-accordion-icon-closed\"><i class=\"fas fa-caret-down\"><\/i><\/span>\n\t\t\t\t\t\t\t\t\t\t\t\t\t\t\t\t\t<span class=\"elementor-accordion-icon-opened\"><i class=\"fas fa-caret-up\"><\/i><\/span>\n\t\t\t\t\t\t\t\t\t\t\t\t\t\t\t\t\t\t\t\t\t\t<\/span>\n\t\t\t\t\t\t\t\t\t\t\t\t\t\t\t\t\t\t<a class=\"elementor-accordion-title\" href=\"\">ESTUDIOS<\/a>\n\t\t\t\t\t<\/h4>\n\t\t\t\t\t<div id=\"elementor-tab-content-1942\" class=\"elementor-tab-content elementor-clearfix\" data-tab=\"2\" role=\"tabpanel\" aria-labelledby=\"elementor-tab-title-1942\"><ul><li class=\"Text1\">An\u00e1lisis de mercado inmobiliario global y especifico<\/li><li class=\"Text1\">An\u00e1lisis y dise\u00f1o de estrategias de inversi\u00f3n<\/li><li class=\"Text1\">Evaluaci\u00f3n \/ optimizaci\u00f3n de portafolio<\/li><li class=\"Text1\">Estudios de localizaci\u00f3n de inversiones<\/li><li class=\"Text1\">Modelamientos matem\u00e1ticos predictivos<\/li><li class=\"Text1\">Due diligence inmobiliario<\/li><li class=\"Text1\">Decisiones de localizaci\u00f3n<\/li><li class=\"Text1\">Factibilidad econ\u00f3mica<\/li><li class=\"Text1\">Informes estad\u00edsticos<\/li><li class=\"Text1\">Asesorias legales<\/li><li class=\"Text1\">Planificaci\u00f3n y dise\u00f1o de proyectos<\/li><li>\u00a0<\/li><\/ul><\/div>\n\t\t\t\t<\/div>\n\t\t\t\t\t<\/div>\n\t\t\t\t\t\t<\/div>\n\t\t\t\t<\/div>\n\t\t\t\t\t<\/div>\n\t\t<\/div>\n\t\t\t\t\t<\/div>\n\t\t<\/section>\n\t\t\t\t<\/div>\n\t\t","protected":false},"excerpt":{"rendered":"<p>ESTUDIOS INMOBILIARIOS SOLICITAR SERVICIO En\u00a0Arenas y Cayo S.A.\u00a0a trav\u00e9s de nuestra \u00e1rea de estudios, realizamos permanentemente an\u00e1lisis jurisprudenciales de las normas que afectan el quehacer inmobiliario, resolviendo distintas controversias relativas a temas inmobiliarios. Nuestra \u00e1rea de an\u00e1lisis genera pronunciamientos T\u00e9cnico-Legales, respecto de la aplicabilidad de Leyes, Ordenanzas, Disposiciones y Reglamentos vigentes, atingentes al rubro inmobiliario.&hellip;<\/p>\n","protected":false},"author":1,"featured_media":0,"parent":0,"menu_order":0,"comment_status":"closed","ping_status":"closed","template":"elementor_header_footer","meta":{"footnotes":""},"class_list":["post-13302","page","type-page","status-publish","hentry"],"_links":{"self":[{"href":"https:\/\/arenasycayo.cl\/web\/wp-json\/wp\/v2\/pages\/13302","targetHints":{"allow":["GET"]}}],"collection":[{"href":"https:\/\/arenasycayo.cl\/web\/wp-json\/wp\/v2\/pages"}],"about":[{"href":"https:\/\/arenasycayo.cl\/web\/wp-json\/wp\/v2\/types\/page"}],"author":[{"embeddable":true,"href":"https:\/\/arenasycayo.cl\/web\/wp-json\/wp\/v2\/users\/1"}],"replies":[{"embeddable":true,"href":"https:\/\/arenasycayo.cl\/web\/wp-json\/wp\/v2\/comments?post=13302"}],"version-history":[{"count":10,"href":"https:\/\/arenasycayo.cl\/web\/wp-json\/wp\/v2\/pages\/13302\/revisions"}],"predecessor-version":[{"id":13998,"href":"https:\/\/arenasycayo.cl\/web\/wp-json\/wp\/v2\/pages\/13302\/revisions\/13998"}],"wp:attachment":[{"href":"https:\/\/arenasycayo.cl\/web\/wp-json\/wp\/v2\/media?parent=13302"}],"curies":[{"name":"wp","href":"https:\/\/api.w.org\/{rel}","templated":true}]}}